{"id":125,"date":"2017-01-31T09:27:26","date_gmt":"2017-01-31T09:27:26","guid":{"rendered":"http:\/\/piscival.com\/blog\/?page_id=125"},"modified":"2017-01-31T09:29:20","modified_gmt":"2017-01-31T09:29:20","slug":"blog-quimicos","status":"publish","type":"page","link":"https:\/\/piscival.com\/blog\/blog-quimicos\/","title":{"rendered":"Blog qu\u00edmicos"},"content":{"rendered":"<div style=\"padding-bottom:20px; padding-top:10px;\" class=\"hupso-share-buttons\"><!-- Hupso Share Buttons - https:\/\/www.hupso.com\/share\/ --><a class=\"hupso_toolbar\" href=\"https:\/\/www.hupso.com\/share\/\"><img src=\"https:\/\/i0.wp.com\/static.hupso.com\/share\/buttons\/lang\/es\/share.png?w=590&#038;ssl=1\" style=\"border:0px; padding-top: 5px; float:left;\" alt=\"Share Button\" data-recalc-dims=\"1\"\/><\/a><script type=\"text\/javascript\">var hupso_services_t=new Array(\"Twitter\",\"Facebook\",\"Google Plus\",\"Pinterest\",\"Linkedin\");var hupso_background_t=\"#EAF4FF\";var hupso_border_t=\"#66CCFF\";var hupso_toolbar_size_t=\"big\";var hupso_image_folder_url = \"\";var hupso_url_t=\"\";var hupso_title_t=\"Blog%20qu%C3%ADmicos\";<\/script><script type=\"text\/javascript\" src=\"https:\/\/static.hupso.com\/share\/js\/share_toolbar.js\"><\/script><!-- Hupso Share Buttons --><\/div>","protected":false},"excerpt":{"rendered":"<div style=\"padding-bottom:20px; padding-top:10px;\" class=\"hupso-share-buttons\"><!-- Hupso Share Buttons - https:\/\/www.hupso.com\/share\/ --><a class=\"hupso_toolbar\" href=\"https:\/\/www.hupso.com\/share\/\"><img src=\"https:\/\/static.hupso.com\/share\/buttons\/lang\/es\/share.png\" style=\"border:0px; padding-top: 5px; float:left;\" alt=\"Share Button\"\/><\/a><script type=\"text\/javascript\">var hupso_services_t=new Array(\"Twitter\",\"Facebook\",\"Google Plus\",\"Pinterest\",\"Linkedin\");var hupso_background_t=\"#EAF4FF\";var hupso_border_t=\"#66CCFF\";var hupso_toolbar_size_t=\"big\";var hupso_image_folder_url = \"\";var hupso_url_t=\"\";var hupso_title_t=\"Blog%20qu%C3%ADmicos\";<\/script><script type=\"text\/javascript\" src=\"https:\/\/static.hupso.com\/share\/js\/share_toolbar.js\"><\/script><!-- Hupso Share Buttons --><\/div>","protected":false},"author":1,"featured_media":0,"parent":0,"menu_order":0,"comment_status":"closed","ping_status":"closed","template":"blog.php","meta":[],"yoast_head":"<!-- This site is optimized with the Yoast SEO plugin v19.14 - https:\/\/yoast.com\/wordpress\/plugins\/seo\/ -->\n<title>Blog sobre productos qu\u00edmicos - Piscival tecnolog\u00eda en piscinas<\/title>\n<meta name=\"description\" content=\"Nuestro blog para ayudarte con el tratamiento qu\u00edmico de tu piscina, los mejores consejos para cuidar y mantener tu piscinas en perfectas condiciones.\" \/>\n<meta name=\"robots\" content=\"index, follow, max-snippet:-1, max-image-preview:large, max-video-preview:-1\" \/>\n<link rel=\"canonical\" href=\"https:\/\/piscival.com\/blog\/blog-quimicos\/\" \/>\n<meta property=\"og:locale\" content=\"es_ES\" \/>\n<meta property=\"og:type\" content=\"article\" \/>\n<meta property=\"og:title\" content=\"Blog sobre productos qu\u00edmicos - Piscival tecnolog\u00eda en piscinas\" \/>\n<meta property=\"og:description\" content=\"Nuestro blog para ayudarte con el tratamiento qu\u00edmico de tu piscina, los mejores consejos para cuidar y mantener tu piscinas en perfectas condiciones.\" \/>\n<meta property=\"og:url\" content=\"https:\/\/piscival.com\/blog\/blog-quimicos\/\" \/>\n<meta property=\"og:site_name\" content=\"Piscival - Tecnolog\u00eda en piscinas\" \/>\n<meta property=\"article:modified_time\" content=\"2017-01-31T09:29:20+00:00\" \/>\n<meta name=\"twitter:card\" content=\"summary_large_image\" \/>\n<!-- \/ Yoast SEO plugin. -->","yoast_head_json":{"title":"Blog sobre productos qu\u00edmicos - Piscival tecnolog\u00eda en piscinas","description":"Nuestro blog para ayudarte con el tratamiento qu\u00edmico de tu piscina, los mejores consejos para cuidar y mantener tu piscinas en perfectas condiciones.","robots":{"index":"index","follow":"follow","max-snippet":"max-snippet:-1","max-image-preview":"max-image-preview:large","max-video-preview":"max-video-preview:-1"},"canonical":"https:\/\/piscival.com\/blog\/blog-quimicos\/","og_locale":"es_ES","og_type":"article","og_title":"Blog sobre productos qu\u00edmicos - Piscival tecnolog\u00eda en piscinas","og_description":"Nuestro blog para ayudarte con el tratamiento qu\u00edmico de tu piscina, los mejores consejos para cuidar y mantener tu piscinas en perfectas condiciones.","og_url":"https:\/\/piscival.com\/blog\/blog-quimicos\/","og_site_name":"Piscival - Tecnolog\u00eda en piscinas","article_modified_time":"2017-01-31T09:29:20+00:00","twitter_card":"summary_large_image","schema":{"@context":"https:\/\/schema.org","@graph":[{"@type":"WebPage","@id":"https:\/\/piscival.com\/blog\/blog-quimicos\/","url":"https:\/\/piscival.com\/blog\/blog-quimicos\/","name":"Blog sobre productos qu\u00edmicos - Piscival tecnolog\u00eda en piscinas","isPartOf":{"@id":"https:\/\/piscival.com\/blog\/#website"},"datePublished":"2017-01-31T09:27:26+00:00","dateModified":"2017-01-31T09:29:20+00:00","description":"Nuestro blog para ayudarte con el tratamiento qu\u00edmico de tu piscina, los mejores consejos para cuidar y mantener tu piscinas en perfectas condiciones.","breadcrumb":{"@id":"https:\/\/piscival.com\/blog\/blog-quimicos\/#breadcrumb"},"inLanguage":"es","potentialAction":[{"@type":"ReadAction","target":["https:\/\/piscival.com\/blog\/blog-quimicos\/"]}]},{"@type":"BreadcrumbList","@id":"https:\/\/piscival.com\/blog\/blog-quimicos\/#breadcrumb","itemListElement":[{"@type":"ListItem","position":1,"name":"Portada","item":"https:\/\/piscival.com\/blog\/"},{"@type":"ListItem","position":2,"name":"Blog qu\u00edmicos"}]},{"@type":"WebSite","@id":"https:\/\/piscival.com\/blog\/#website","url":"https:\/\/piscival.com\/blog\/","name":"Piscival - Tecnolog\u00eda en piscinas","description":"Todo lo que necesitas saber para el cuidado de tu piscina","potentialAction":[{"@type":"SearchAction","target":{"@type":"EntryPoint","urlTemplate":"https:\/\/piscival.com\/blog\/?s={search_term_string}"},"query-input":"required name=search_term_string"}],"inLanguage":"es"}]}},"jetpack_sharing_enabled":false,"jetpack_shortlink":"https:\/\/wp.me\/P8kQ3R-21","jetpack-related-posts":[{"id":521,"url":"https:\/\/piscival.com\/blog\/?schema=post","url_meta":{"origin":125,"position":0},"title":"Post","date":"agosto 14, 2018","format":false,"excerpt":"","rel":"","context":"Entrada similar","img":{"alt_text":"","src":"","width":0,"height":0},"classes":[]},{"id":522,"url":"https:\/\/piscival.com\/blog\/?schema=page","url_meta":{"origin":125,"position":1},"title":"Page","date":"agosto 14, 2018","format":false,"excerpt":"","rel":"","context":"Entrada similar","img":{"alt_text":"","src":"","width":0,"height":0},"classes":[]},{"id":795,"url":"https:\/\/piscival.com\/blog\/confirm-subscription\/","url_meta":{"origin":125,"position":2},"title":"Confirm Subscription","date":"enero 15, 2020","format":false,"excerpt":"Thank you!","rel":"","context":"Entrada similar","img":{"alt_text":"","src":"","width":0,"height":0},"classes":[]},{"id":710,"url":"https:\/\/piscival.com\/blog\/aviso-legal\/","url_meta":{"origin":125,"position":3},"title":"Aviso Legal","date":"junio 4, 2019","format":false,"excerpt":"\u201cAVISO LEGAL\u201d Con el fin de dar cumplimiento al art\u00edculo 10 de la Ley 34\/2002 de Servicios de la Sociedad de la Informaci\u00f3n y del Comercio Electr\u00f3nico, informamos a los usuarios de nuestros datos: Denominaci\u00f3n Social: Piscival Tecnolog\u00eda en Piscinas, S.L. Domicilio Social: Av. Alacant, 1, 46290 Alcasser, (Valencia) NIF:\u2026","rel":"","context":"Entrada similar","img":{"alt_text":"","src":"","width":0,"height":0},"classes":[]},{"id":930,"url":"https:\/\/piscival.com\/blog\/politica-de-privacidad\/","url_meta":{"origin":125,"position":4},"title":"Pol\u00edtica de Privacidad","date":"marzo 25, 2021","format":false,"excerpt":"INTRODUCCI\u00d3N Su privacidad es importante para nosotros, as\u00ed que mediante este documento le explicamos qu\u00e9 datos recopilamos de los usuarios, como los utilizamos y para qu\u00e9, entre otras indicaciones. Los mayores de 14 a\u00f1os podr\u00e1n registrarse como usuarios sin el previo consentimiento de sus padres, tutores o representantes legales. En\u2026","rel":"","context":"Entrada similar","img":{"alt_text":"","src":"","width":0,"height":0},"classes":[]},{"id":351,"url":"https:\/\/piscival.com\/blog\/politica-de-cookies\/","url_meta":{"origin":125,"position":5},"title":"POL\u00cdTICA DE COOKIES","date":"junio 4, 2019","format":false,"excerpt":"INTRODUCCI\u00d3N La web de Piscival Tecnolog\u00eda en Piscinas, S.L. utiliza cookies propias y de terceros. Una cookie es un fichero que se descarga en su ordenador al acceder a determinadas p\u00e1ginas web, entre otras finalidades, asegurar el correcto funcionamiento de la p\u00e1gina, permitir al Usuario un acceso m\u00e1s r\u00e1pido a\u2026","rel":"","context":"Entrada similar","img":{"alt_text":"","src":"","width":0,"height":0},"classes":[]}],"jetpack_likes_enabled":true,"_links":{"self":[{"href":"https:\/\/piscival.com\/blog\/wp-json\/wp\/v2\/pages\/125"}],"collection":[{"href":"https:\/\/piscival.com\/blog\/wp-json\/wp\/v2\/pages"}],"about":[{"href":"https:\/\/piscival.com\/blog\/wp-json\/wp\/v2\/types\/page"}],"author":[{"embeddable":true,"href":"https:\/\/piscival.com\/blog\/wp-json\/wp\/v2\/users\/1"}],"replies":[{"embeddable":true,"href":"https:\/\/piscival.com\/blog\/wp-json\/wp\/v2\/comments?post=125"}],"version-history":[{"count":0,"href":"https:\/\/piscival.com\/blog\/wp-json\/wp\/v2\/pages\/125\/revisions"}],"wp:attachment":[{"href":"https:\/\/piscival.com\/blog\/wp-json\/wp\/v2\/media?parent=125"}],"curies":[{"name":"wp","href":"https:\/\/api.w.org\/{rel}","templated":true}]}}